{"id":5720,"date":"2018-10-22T13:45:00","date_gmt":"2018-10-22T13:45:00","guid":{"rendered":"https:\/\/www.ekko-wp.com\/?page_id=5720"},"modified":"2021-06-16T16:51:13","modified_gmt":"2021-06-16T14:51:13","slug":"a-propos","status":"publish","type":"page","link":"https:\/\/transsoha.com\/?page_id=5720","title":{"rendered":"A propos de Nous"},"content":{"rendered":"<p>[vc_row full_width=&#8221;stretch_row&#8221;][vc_column css=&#8221;.vc_custom_1516009024901{padding-right: 0px !important;padding-left: 0px !important;}&#8221;][vc_row_inner css=&#8221;.vc_custom_1555687983632{padding-top: 50px !important;padding-bottom: 100px !important;}&#8221;][vc_column_inner width=&#8221;1\/3&#8243; css=&#8221;.vc_custom_1516009093233{padding-right: 0px !important;padding-left: 0px !important;}&#8221;]<div class=\"key-icon-box icon-default icon-top cont-center ib-hover-1  kd-animated fadeInUp\" style=\"background-color: transparent;\" ><a href=\"#\" target=\"\"><div class=\"ib-wrapper\"><i class=\"iconsmind-Cursor-Click2 fa\" style=\" \"><\/i> <h6 class=\"service-heading\" >Engagement<\/h6><p >En tant qu\u2019acteur reconnu du transport, chaque membre de TRANS SOHA & CO  s\u2019engage dans l\u2019accomplissement de sa mission ce qui nous a permis d\u2019atteindre nos objectifs.<\/p><\/div><\/a><\/div>[\/vc_column_inner][vc_column_inner width=&#8221;1\/3&#8243; css=&#8221;.vc_custom_1516009124658{padding-right: 0px !important;padding-left: 0px !important;}&#8221;]<div class=\"key-icon-box icon-default icon-top cont-center ib-hover-1  kd-animated fadeInUp\" style=\"background-color: transparent;\" data-animation-delay=400><a href=\"#\" target=\"\"><div class=\"ib-wrapper\"><i class=\"iconsmind-Administrator fa\" style=\" \"><\/i> <h6 class=\"service-heading\" >Int\u00e9grit\u00e9<\/h6><p >Une direction professionnelle dans nos actions quotidiennes reste un acteur central de confiance.<\/p><\/div><\/a><\/div>[\/vc_column_inner][vc_column_inner width=&#8221;1\/3&#8243; css=&#8221;.vc_custom_1516009131818{padding-right: 0px !important;padding-left: 0px !important;}&#8221;]<div class=\"key-icon-box icon-default icon-top cont-center ib-hover-1  kd-animated fadeInUp\" style=\"background-color: transparent;\" data-animation-delay=600><a href=\"#\" target=\"\"><div class=\"ib-wrapper\"><i class=\"iconsmind-Timer-2 fa\" style=\" \"><\/i> <h6 class=\"service-heading\" >R\u00e9activit\u00e9<\/h6><p >Qualit\u00e9 inh\u00e9rente \u00e0 l\u2019activit\u00e9 de transitaire - commissionnaire en transport, nous avons su la cultiver et la d\u00e9velopper.<\/p><\/div><\/a><\/div>[\/vc_column_inner][\/vc_row_inner][\/vc_column][\/vc_row][vc_row full_width=&#8221;stretch_row&#8221; css=&#8221;.vc_custom_1555687939497{background-color: #f5f5f5 !important;}&#8221;][vc_column][vc_row_inner css=&#8221;.vc_custom_1513720913586{padding-top: 100px !important;padding-right: 100px !important;padding-bottom: 80px !important;padding-left: 100px !important;}&#8221;][vc_column_inner width=&#8221;1\/2&#8243; css=&#8221;.vc_custom_1541584818078{padding-right: 20px !important;}&#8221;]<header class=\"kd-section-title col-lg-12 text-left  kd-animated fadeIn   vc_custom_1623854955550\" data-animation-delay=200><h3 class=\"separator_off\" >TRANS SOHA & CO votre transporteur maritime vers tous les territoires<\/h3><h6 class=\"subtitle \" >TRANS SOHA & CO est une nouvelle soci\u00e9t\u00e9 dans le domaine maritime. Nous sommes transitaires commissionnaires en transport maritime. Nous sommes sp\u00e9cialis\u00e9s dans le transport maritime pour les particuliers. Nous prenons en charge l\u2019int\u00e9gralit\u00e9 de votre transport afin de proposer des solutions sp\u00e9cifiques aux besoins de nos clients.<\/h6><\/header>[vc_empty_space height=&#8221;20px&#8221;][vc_single_image image=&#8221;7533&#8243; img_size=&#8221;full&#8221; alignment=&#8221;center&#8221; css_animation=&#8221;fadeIn&#8221; css=&#8221;.vc_custom_1614351572552{padding-right: 20px !important;}&#8221;][\/vc_column_inner][vc_column_inner width=&#8221;1\/2&#8243; css=&#8221;.vc_custom_1541584821670{padding-left: 20px !important;}&#8221;][vc_single_image image=&#8221;7995&#8243; img_size=&#8221;full&#8221; alignment=&#8221;center&#8221; css_animation=&#8221;fadeIn&#8221; css=&#8221;.vc_custom_1623853689138{padding-left: 20px !important;}&#8221;][vc_empty_space height=&#8221;40px&#8221;]<header class=\"kd-section-title col-lg-12 text-left  kd-animated fadeIn   vc_custom_1623852168632\" data-animation-delay=200><h6 class=\"subtitle \" >Nous disposons d'une \u00e9quipe jeune et comp\u00e9tente dans le secteur maritime qui a une parfaite ma\u00eetrise de la cha\u00eene des services portuaires et du transport de bout en bout. Nos relations priviligi\u00e9es avec l'ensemble des intervenants du secteurs nous permettant de garantir \u00e0 nos clients et partenaires des prestations de transport maritime des v\u00e9hicules, des marchandises et des conteneurs.<\/h6><\/header>[\/vc_column_inner][\/vc_row_inner][\/vc_column][\/vc_row][vc_row full_width=&#8221;stretch_row&#8221;][vc_column][vc_row_inner css=&#8221;.vc_custom_1538391716885{padding-top: 100px !important;padding-bottom: 100px !important;}&#8221;][vc_column_inner]<div class=\"slider clients lift-effect kd-client-69df767d7552c  \"><div class=\"clients-content \" ><img loading=\"lazy\" decoding=\"async\" width=\"196\" height=\"124\" src=\"https:\/\/transsoha.com\/wp-content\/uploads\/2021\/02\/part2.png\" class=\"attachment-full\" alt=\"\" \/><\/div><div class=\"clients-content \" ><img loading=\"lazy\" decoding=\"async\" width=\"166\" height=\"124\" src=\"https:\/\/transsoha.com\/wp-content\/uploads\/2021\/02\/part4.png\" class=\"attachment-full\" alt=\"\" \/><\/div><div class=\"clients-content \" ><img loading=\"lazy\" decoding=\"async\" width=\"166\" height=\"124\" src=\"https:\/\/transsoha.com\/wp-content\/uploads\/2021\/02\/par1-3.png\" class=\"attachment-full\" alt=\"\" \/><\/div><div class=\"clients-content \" ><img loading=\"lazy\" decoding=\"async\" width=\"166\" height=\"124\" src=\"https:\/\/transsoha.com\/wp-content\/uploads\/2021\/02\/part6-1.png\" class=\"attachment-full\" alt=\"\" \/><\/div><div class=\"clients-content \" ><img loading=\"lazy\" decoding=\"async\" width=\"166\" height=\"124\" src=\"https:\/\/transsoha.com\/wp-content\/uploads\/2021\/02\/part5.png\" class=\"attachment-full\" alt=\"\" \/><\/div><\/div><script type=\"text\/javascript\">\r\n              jQuery(document).ready(function($){\r\n                if ($(\".slider.clients.kd-client-69df767d7552c\").length) {\r\n                  $(\".slider.clients.kd-client-69df767d7552c\").owlCarousel({\r\n                    stageClass: \"owl-wrapper\",\r\n                    stageOuterClass: \"owl-wrapper-outer\",\r\n                    loadedClass: \"owl-carousel\",\r\n                    responsiveClass:true,\r\n                    responsive:{\r\n                      0:{\r\n                          items:1,dots: false,},\r\n                      415:{\r\n                          items:3,dots: false,},\r\n                      960:{\r\n                          items:5,dots: false,}\r\n                    },loop: true,autoplay: true,autoplayTimeout: 4000,\r\n                  });\r\n                }\r\n              });\r\n            <\/script>[\/vc_column_inner][\/vc_row_inner][\/vc_column][\/vc_row]<\/p>\n","protected":false},"excerpt":{"rendered":"<p>[vc_row full_width=&#8221;stretch_row&#8221;][vc_column css=&#8221;.vc_custom_1516009024901{padding-right: 0px !important;padding-left: 0px !important;}&#8221;][vc_row_inner css=&#8221;.vc_custom_1555687983632{padding-top: 50px !important;padding-bottom: 100px !important;}&#8221;][vc_column_inner width=&#8221;1\/3&#8243; css=&#8221;.vc_custom_1516009093233{padding-right: 0px !important;padding-left: 0px !important;}&#8221;][\/vc_column_inner][vc_column_inner width=&#8221;1\/3&#8243; css=&#8221;.vc_custom_1516009124658{padding-right: [&hellip;]<\/p>\n","protected":false},"author":1,"featured_media":7523,"parent":0,"menu_order":0,"comment_status":"closed","ping_status":"closed","template":"","meta":{"footnotes":""},"_links":{"self":[{"href":"https:\/\/transsoha.com\/index.php?rest_route=\/wp\/v2\/pages\/5720"}],"collection":[{"href":"https:\/\/transsoha.com\/index.php?rest_route=\/wp\/v2\/pages"}],"about":[{"href":"https:\/\/transsoha.com\/index.php?rest_route=\/wp\/v2\/types\/page"}],"author":[{"embeddable":true,"href":"https:\/\/transsoha.com\/index.php?rest_route=\/wp\/v2\/users\/1"}],"replies":[{"embeddable":true,"href":"https:\/\/transsoha.com\/index.php?rest_route=%2Fwp%2Fv2%2Fcomments&post=5720"}],"version-history":[{"count":17,"href":"https:\/\/transsoha.com\/index.php?rest_route=\/wp\/v2\/pages\/5720\/revisions"}],"predecessor-version":[{"id":8001,"href":"https:\/\/transsoha.com\/index.php?rest_route=\/wp\/v2\/pages\/5720\/revisions\/8001"}],"wp:featuredmedia":[{"embeddable":true,"href":"https:\/\/transsoha.com\/index.php?rest_route=\/wp\/v2\/media\/7523"}],"wp:attachment":[{"href":"https:\/\/transsoha.com\/index.php?rest_route=%2Fwp%2Fv2%2Fmedia&parent=5720"}],"curies":[{"name":"wp","href":"https:\/\/api.w.org\/{rel}","templated":true}]}}