{"id":7421,"date":"2019-04-24T12:52:16","date_gmt":"2019-04-24T12:52:16","guid":{"rendered":"https:\/\/www.ekko-wp.com\/demo-content\/?page_id=7421"},"modified":"2021-06-16T16:37:36","modified_gmt":"2021-06-16T14:37:36","slug":"home-corporate","status":"publish","type":"page","link":"https:\/\/transsoha.com\/","title":{"rendered":"Home"},"content":{"rendered":"<p>[vc_row el_class=&#8221;under-menu-topbar&#8221;][vc_column][rev_slider_vc alias=&#8221;corporate-slider&#8221;][\/vc_column][\/vc_row][vc_row full_width=&#8221;stretch_row&#8221; css=&#8221;.vc_custom_1550594255704{padding-top: 130px !important;background-color: #f6f6f6 !important;}&#8221;][vc_column css=&#8221;.vc_custom_1516008777154{padding-right: 0px !important;padding-left: 0px !important;}&#8221;][vc_row_inner][vc_column_inner]<header class=\"kd-section-title vc_col-lg-6 vc_col-sm-8 text-center  kd-animated fadeIn   vc_custom_1614180465508\" data-animation-delay=200><h1 class=\"separator_off\" style=\"color: #13197c;\">Nos Services<\/h1><\/header>[\/vc_column_inner][\/vc_row_inner][vc_row_inner css=&#8221;.vc_custom_1550594307550{padding-bottom: 60px !important;}&#8221;][vc_column_inner width=&#8221;1\/3&#8243;]<div class=\"key-icon-box icon-default icon-top cont-center ib-hover-1  kd-animated fadeInUp\" style=\"background-color: #ffffff;\" data-animation-delay=200><a href=\"http:\/\/transsoha.com\/transport-maritime\/\" target=\"\"><div class=\"ib-wrapper\"><div class=\"tt-iconbox-customimg img_big_size\"><img loading=\"lazy\" decoding=\"async\" width=\"64\" height=\"64\" src=\"https:\/\/transsoha.com\/wp-content\/uploads\/2021\/02\/maritime-rescuecolor-1.png\" class=\"attachment-full\" alt=\"\" \/><\/div><h5 class=\"service-heading\" style=\"color: #102266;\">Transport Maritime<\/h5><p >Nous proposons des solutions de transport maritime tout en assurant le meilleur rapport entre co\u00fbts et d\u00e9lais.<\/p><\/div><\/a><\/div>[\/vc_column_inner][vc_column_inner width=&#8221;1\/3&#8243;]<div class=\"key-icon-box icon-default icon-top cont-center ib-hover-1  kd-animated fadeInUp\" style=\"background-color: #ffffff;\" ><a href=\"http:\/\/transsoha.com\/entreposage\/\" target=\"\"><div class=\"ib-wrapper\"><div class=\"tt-iconbox-customimg img_small_size\"><img loading=\"lazy\" decoding=\"async\" width=\"64\" height=\"64\" src=\"https:\/\/transsoha.com\/wp-content\/uploads\/2021\/02\/warehousecolor.png\" class=\"attachment-full\" alt=\"\" \/><\/div><h5 class=\"service-heading\" style=\"color: #102266;\">Entreposage<\/h5><p >Nous disposons d\u2019un d\u00e9p\u00f4t s\u00e9curis\u00e9 compos\u00e9 d\u2019une surface ouverte et d'une surface ferm\u00e9e.<\/p><\/div><\/a><\/div>[\/vc_column_inner][vc_column_inner width=&#8221;1\/3&#8243;]<div class=\"key-icon-box icon-default icon-top cont-center ib-hover-1  kd-animated fadeInUp\" style=\"background-color: #ffffff;\" data-animation-delay=400><a href=\"http:\/\/transsoha.com\/service-logistique\/\" target=\"\"><div class=\"ib-wrapper\"><div class=\"tt-iconbox-customimg img_small_size\"><img loading=\"lazy\" decoding=\"async\" width=\"64\" height=\"64\" src=\"https:\/\/transsoha.com\/wp-content\/uploads\/2021\/02\/inventorycolor.png\" class=\"attachment-full\" alt=\"\" \/><\/div><h5 class=\"service-heading\" style=\"color: #102266;\">Service Logistique<\/h5><p >Nous proposons des services logistiques pour garantir \u00e0 notre client\u00e8le une continuit\u00e9 de services.<\/p><\/div><\/a><\/div>[\/vc_column_inner][\/vc_row_inner][vc_row_inner css=&#8221;.vc_custom_1550594302839{padding-bottom: 130px !important;}&#8221;][vc_column_inner]<a  href=\"http:\/\/transsoha.com\/nos-services\/\"  target=\"_self\"  title=\"Nos Services\" class=\"tt_button tt_primary_button btn_primary_color hover_outline_primary button-center button-action-link icon_right kd-animated zoomIn\" data-animation-delay=200><span class=\"prim_text\">Voir tous les services<\/span><span class=\" iconita\"><\/span><\/a>[\/vc_column_inner][\/vc_row_inner][\/vc_column][\/vc_row][vc_row full_width=&#8221;stretch_row&#8221;][vc_column][vc_row_inner css=&#8221;.vc_custom_1618299087297{padding-top: 97px !important;padding-bottom: 97px !important;}&#8221;][vc_column_inner css=&#8221;.vc_custom_1541419127566{padding-right: 45px !important;padding-left: 0px !important;}&#8221; offset=&#8221;vc_col-lg-6&#8243;][vc_single_image image=&#8221;7440&#8243; img_size=&#8221;large&#8221; css_animation=&#8221;fadeIn&#8221;][\/vc_column_inner][vc_column_inner css=&#8221;.vc_custom_1553776260540{padding-top: 110px !important;padding-right: 0px !important;padding-left: 150px !important;}&#8221; offset=&#8221;vc_col-lg-offset-0 vc_col-lg-6 vc_col-md-offset-1 vc_col-sm-offset-1&#8243;]<header class=\"kd-section-title col-lg-12 text-left    \" ><h3 class=\"separator_off\" >Pourquoi nous choisir?<\/h3><\/header>[vc_column_text]<\/p>\n<ul>\n<li style=\"text-align: left;\"><strong>Des solutions sur mesure:<\/strong> Nous r\u00e9pondons exactement \u00e0 votre besoin. C\u2019est pourquoi nous vous proposerons une solution uniquement sur mesure.<\/li>\n<li><strong>R\u00e9activit\u00e9:<\/strong> Une gamme compl\u00e8te de v\u00e9hicules pr\u00eats \u00e0 intervenir imm\u00e9diatement.<\/li>\n<li><strong>Disponibilit\u00e9:<\/strong> Des conseillers \u00e0 votre \u00e9coute vous apportant des solutions 24h24 et 7j\/7.<\/li>\n<\/ul>\n<p>[\/vc_column_text]<a  href=\"http:\/\/transsoha.com\/contact\/\"  target=\"_self\"  title=\"Contact\" class=\"tt_button tt_primary_button btn_primary_color  button-center button-action-link icon_left kd-animated zoomIn\" data-animation-delay=200><span class=\" iconita\"><\/span><span class=\"prim_text\">Contactez-Nous<\/span><\/a>[\/vc_column_inner][\/vc_row_inner][\/vc_column][\/vc_row][vc_row full_width=&#8221;stretch_row_content&#8221; css=&#8221;.vc_custom_1614331514011{background: #f6f6f6 url(http:\/\/transsoha.com\/wp-content\/uploads\/2021\/02\/banniere2-1-4.jpg?id=7467) !important;}&#8221;][vc_column width=&#8221;1\/2&#8243; offset=&#8221;vc_col-lg-6 vc_col-md-12&#8243;][vc_empty_space height=&#8221;42px&#8221;]<header class=\"kd-section-title col-lg-12 text-center    \" ><h3 class=\"separator_off\" >TRANS SOHA & CO votre partenaire dans le transport<\/h3><\/header><header class=\"kd-section-title col-lg-12 text-center    \" ><h5 class=\"separator_off\" >de vos v\u00e9hicules, vos marchandises et vos conteneurs vers tous les territoires d'Afrique<\/h5><\/header><a  href=\"http:\/\/transsoha.com\/contact\/\"  target=\"_self\"  title=\"Contact\" class=\"tt_button tt_primary_button btn_primary_color hover_outline_primary button-center button-action-link\" ><span class=\"prim_text\">Demandez une cotation<\/span><\/a>[vc_empty_space][\/vc_column][vc_column width=&#8221;1\/2&#8243; css=&#8221;.vc_custom_1541520744863{padding-top: 0px !important;}&#8221; offset=&#8221;vc_col-lg-6 vc_col-md-12&#8243;][vc_empty_space height=&#8221;250px&#8221;][\/vc_column][\/vc_row][vc_row full_width=&#8221;stretch_row&#8221;][vc_column width=&#8221;1\/3&#8243;][vc_empty_space]<div class=\"key-icon-box icon-default icon-top cont-center ib-no-effect\" style=\"background-color: transparent;\" ><div class=\"tt-iconbox-customimg img_small_size\"><img loading=\"lazy\" decoding=\"async\" width=\"64\" height=\"64\" src=\"https:\/\/transsoha.com\/wp-content\/uploads\/2021\/02\/package.png\" class=\"attachment-full\" alt=\"\" \/><\/div><h5 class=\"service-heading\" >Emballage et Stockage<\/h5><p >Nous pouvons emballer et stocker vos marchandises<\/p><\/div>[\/vc_column][vc_column width=&#8221;1\/3&#8243;][vc_empty_space]<div class=\"key-icon-box icon-default icon-top cont-center ib-no-effect\" style=\"background-color: transparent;\" ><div class=\"tt-iconbox-customimg img_small_size\"><img loading=\"lazy\" decoding=\"async\" width=\"64\" height=\"64\" src=\"https:\/\/transsoha.com\/wp-content\/uploads\/2021\/02\/shipped-1.png\" class=\"attachment-full\" alt=\"\" \/><\/div><h5 class=\"service-heading\" >Transport vers l'Afrique<\/h5><p >Nous transportons vos marchandises vers l'Afrique<\/p><\/div>[\/vc_column][vc_column width=&#8221;1\/3&#8243;][vc_empty_space]<div class=\"key-icon-box icon-default icon-top cont-center ib-no-effect\" style=\"background-color: transparent;\" ><div class=\"tt-iconbox-customimg img_small_size\"><img loading=\"lazy\" decoding=\"async\" width=\"64\" height=\"64\" src=\"https:\/\/transsoha.com\/wp-content\/uploads\/2021\/02\/ship.png\" class=\"attachment-full\" alt=\"\" \/><\/div><h5 class=\"service-heading\" >Cargaison Maritime<\/h5><p >Nous transportons vos marchandises d'un point A \u00e0 un point B rapidement et en toute s\u00e9curit\u00e9<\/p><\/div>[vc_empty_space][\/vc_column][\/vc_row][vc_row full_width=&#8221;stretch_row_content_no_spaces&#8221; css=&#8221;.vc_custom_1550593667507{background-color: #f6f6f6 !important;}&#8221;][vc_column width=&#8221;1\/2&#8243; css=&#8221;.vc_custom_1538998872764{padding-top: 0px !important;}&#8221; offset=&#8221;vc_col-lg-6 vc_col-md-12&#8243;][vc_empty_space][vc_single_image image=&#8221;7458&#8243; img_size=&#8221;large&#8221; alignment=&#8221;center&#8221;][\/vc_column][vc_column width=&#8221;1\/2&#8243; css=&#8221;.vc_custom_1614325798771{padding-right: 100px !important;padding-left: 50px !important;}&#8221;][vc_empty_space]<header class=\"kd-section-title col-lg-12 text-center    \" ><h2 class=\"separator_off\" >Professionnels, nous avons des solutions pour vous<\/h2><\/header>[vc_row_inner][vc_column_inner][vc_column_text]Nous sommes sp\u00e9cialistes dans le transport maritime et nous disposons d\u2019un service sp\u00e9cialis\u00e9 pour les besoins des professionnels et des particuliers. Quel que soit votre secteur d\u2019activit\u00e9 : industriel, alimentaire ou autre, notre exp\u00e9rience nous permet de vous proposer des solutions sur mesure. Chez TRANS SOHA &amp; CO votre charg\u00e9 d\u2019op\u00e9rations, sera votre unique interlocuteur tout au long de votre projet.[\/vc_column_text][\/vc_column_inner][\/vc_row_inner]<a  href=\"http:\/\/transsoha.com\/a-propos\/\"  target=\"_self\"  title=\"A propos de Nous\" class=\"tt_button tt_primary_button btn_primary_color  button-center button-action-link\" ><span class=\"prim_text\">D\u00e9couvrir la soci\u00e9t\u00e9<\/span><\/a>[vc_row_inner][vc_column_inner]<div class=\"key-icon-box icon-default icon-top cont-center ib-no-effect\" style=\"background-color: transparent;\" ><i class=\" fa\" style=\" \"><\/i> <\/div>[\/vc_column_inner][\/vc_row_inner][\/vc_column][\/vc_row][vc_row full_width=&#8221;stretch_row&#8221; css=&#8221;.vc_custom_1614335591779{padding-top: 150px !important;padding-bottom: 150px !important;background-position: 0 0 !important;background-repeat: no-repeat !important;}&#8221; el_class=&#8221;background-right&#8221;][vc_column css=&#8221;.vc_custom_1516029195606{padding-right: 0px !important;padding-left: 0px !important;}&#8221;]<header class=\"kd-section-title col-lg-12 text-center    \" ><h1 class=\"separator_off\" >Nos Partenaires<\/h1><\/header>[vc_row_inner css=&#8221;.vc_custom_1618404606322{padding-top: 60px !important;padding-bottom: 60px !important;}&#8221;][vc_column_inner width=&#8221;1\/5&#8243;][vc_single_image image=&#8221;7500&#8243; img_size=&#8221;large&#8221;][\/vc_column_inner][vc_column_inner width=&#8221;1\/5&#8243;][vc_single_image image=&#8221;7496&#8243; img_size=&#8221;large&#8221;][\/vc_column_inner][vc_column_inner width=&#8221;1\/5&#8243;][vc_single_image image=&#8221;7494&#8243; img_size=&#8221;large&#8221;][\/vc_column_inner][vc_column_inner width=&#8221;1\/5&#8243;][vc_single_image image=&#8221;7493&#8243; img_size=&#8221;large&#8221;][\/vc_column_inner][vc_column_inner width=&#8221;1\/5&#8243;][vc_single_image image=&#8221;7491&#8243; img_size=&#8221;large&#8221;][\/vc_column_inner][\/vc_row_inner][\/vc_column][\/vc_row][vc_row full_width=&#8221;stretch_row_content&#8221; css=&#8221;.vc_custom_1614345780126{padding-top: 30px !important;background: #f6f6f6 url(http:\/\/transsoha.com\/wp-content\/uploads\/2021\/02\/bqnniere3-1.jpg?id=7498) !important;}&#8221;][vc_column css=&#8221;.vc_custom_1515677064675{padding-right: 0px !important;padding-left: 0px !important;}&#8221;]<header class=\"kd-section-title col-lg-12 text-center    \" ><h2 class=\"separator_off\" >DEMANDEZ UNE COTATION<\/h2><\/header>[vc_row_inner][vc_column_inner]<div role=\"form\" class=\"wpcf7\" id=\"wpcf7-f5976-o1\" lang=\"en-US\" dir=\"ltr\">\n<div class=\"screen-reader-response\"><p role=\"status\" aria-live=\"polite\" aria-atomic=\"true\"><\/p> <ul><\/ul><\/div>\n<form action=\"\/index.php?rest_route=%2Fwp%2Fv2%2Fpages%2F7421#wpcf7-f5976-o1\" method=\"post\" class=\"wpcf7-form init\" novalidate=\"novalidate\" data-status=\"init\">\n<div style=\"display: none;\">\n<input type=\"hidden\" name=\"_wpcf7\" value=\"5976\" \/>\n<input type=\"hidden\" name=\"_wpcf7_version\" value=\"5.3.2\" \/>\n<input type=\"hidden\" name=\"_wpcf7_locale\" value=\"en_US\" \/>\n<input type=\"hidden\" name=\"_wpcf7_unit_tag\" value=\"wpcf7-f5976-o1\" \/>\n<input type=\"hidden\" name=\"_wpcf7_container_post\" value=\"0\" \/>\n<input type=\"hidden\" name=\"_wpcf7_posted_data_hash\" value=\"\" \/>\n<\/div>\n<p><span class=\"wpcf7-form-control-wrap first-name\"><input type=\"text\" name=\"first-name\" value=\"\" size=\"40\" class=\"wpcf7-form-control wpcf7-text wpcf7-validates-as-required\" aria-required=\"true\" aria-invalid=\"false\" placeholder=\"Nom et Pr\u00e9nom\" \/><\/span><br \/>\n<span class=\"wpcf7-form-control-wrap last-name\"><input type=\"text\" name=\"last-name\" value=\"\" size=\"40\" class=\"wpcf7-form-control wpcf7-text wpcf7-validates-as-required\" aria-required=\"true\" aria-invalid=\"false\" placeholder=\"Adresse\" \/><\/span><br \/>\n<span class=\"wpcf7-form-control-wrap your-email\"><input type=\"email\" name=\"your-email\" value=\"\" size=\"40\" class=\"wpcf7-form-control wpcf7-text wpcf7-email wpcf7-validates-as-required wpcf7-validates-as-email\" aria-required=\"true\" aria-invalid=\"false\" placeholder=\"Email\" \/><\/span><br \/>\n<span class=\"wpcf7-form-control-wrap your-phone\"><input type=\"tel\" name=\"your-phone\" value=\"\" size=\"40\" class=\"wpcf7-form-control wpcf7-text wpcf7-tel wpcf7-validates-as-required wpcf7-validates-as-tel\" aria-required=\"true\" aria-invalid=\"false\" placeholder=\"Destination\" \/><\/span><br \/>\n<span class=\"wpcf7-form-control-wrap guests\"><input type=\"text\" name=\"guests\" value=\"\" size=\"40\" class=\"wpcf7-form-control wpcf7-text\" aria-invalid=\"false\" placeholder=\"Soci\u00e9t\u00e9\" \/><\/span><br \/>\n<span class=\"wpcf7-form-control-wrap guests\"><input type=\"text\" name=\"guests\" value=\"\" size=\"40\" class=\"wpcf7-form-control wpcf7-text\" aria-invalid=\"false\" placeholder=\"Cargaison\" \/><\/span><\/p>\n<p><input type=\"submit\" value=\"Envoyer\" class=\"wpcf7-form-control wpcf7-submit\" \/><\/p>\n<div class=\"wpcf7-response-output\" aria-hidden=\"true\"><\/div><\/form><\/div>[\/vc_column_inner][\/vc_row_inner][vc_empty_space height=&#8221;65px&#8221;][\/vc_column][\/vc_row][vc_row][vc_column][\/vc_column][\/vc_row]<\/p>\n","protected":false},"excerpt":{"rendered":"<p>[vc_row el_class=&#8221;under-menu-topbar&#8221;][vc_column][rev_slider_vc alias=&#8221;corporate-slider&#8221;][\/vc_column][\/vc_row][vc_row full_width=&#8221;stretch_row&#8221; css=&#8221;.vc_custom_1550594255704{padding-top: 130px !important;background-color: #f6f6f6 !important;}&#8221;][vc_column css=&#8221;.vc_custom_1516008777154{padding-right: 0px !important;padding-left: 0px !important;}&#8221;][vc_row_inner][vc_column_inner][\/vc_column_inner][\/vc_row_inner][vc_row_inner css=&#8221;.vc_custom_1550594307550{padding-bottom: 60px !important;}&#8221;][vc_column_inner width=&#8221;1\/3&#8243;][\/vc_column_inner][vc_column_inner width=&#8221;1\/3&#8243;][\/vc_column_inner][vc_column_inner width=&#8221;1\/3&#8243;][\/vc_column_inner][\/vc_row_inner][vc_row_inner [&hellip;]<\/p>\n","protected":false},"author":1,"featured_media":0,"parent":0,"menu_order":0,"comment_status":"closed","ping_status":"closed","template":"","meta":{"footnotes":""},"_links":{"self":[{"href":"https:\/\/transsoha.com\/index.php?rest_route=\/wp\/v2\/pages\/7421"}],"collection":[{"href":"https:\/\/transsoha.com\/index.php?rest_route=\/wp\/v2\/pages"}],"about":[{"href":"https:\/\/transsoha.com\/index.php?rest_route=\/wp\/v2\/types\/page"}],"author":[{"embeddable":true,"href":"https:\/\/transsoha.com\/index.php?rest_route=\/wp\/v2\/users\/1"}],"replies":[{"embeddable":true,"href":"https:\/\/transsoha.com\/index.php?rest_route=%2Fwp%2Fv2%2Fcomments&post=7421"}],"version-history":[{"count":93,"href":"https:\/\/transsoha.com\/index.php?rest_route=\/wp\/v2\/pages\/7421\/revisions"}],"predecessor-version":[{"id":7997,"href":"https:\/\/transsoha.com\/index.php?rest_route=\/wp\/v2\/pages\/7421\/revisions\/7997"}],"wp:attachment":[{"href":"https:\/\/transsoha.com\/index.php?rest_route=%2Fwp%2Fv2%2Fmedia&parent=7421"}],"curies":[{"name":"wp","href":"https:\/\/api.w.org\/{rel}","templated":true}]}}