{"id":7719,"date":"2021-04-08T17:31:54","date_gmt":"2021-04-08T15:31:54","guid":{"rendered":"http:\/\/transsoha.com\/?page_id=7719"},"modified":"2021-06-16T16:54:15","modified_gmt":"2021-06-16T14:54:15","slug":"transport-maritime","status":"publish","type":"page","link":"https:\/\/transsoha.com\/?page_id=7719","title":{"rendered":"Transport Maritime"},"content":{"rendered":"<p>[vc_row][vc_column][vc_column_text][\/vc_column_text][\/vc_column][\/vc_row][vc_row][vc_column]<header class=\"kd-section-title col-lg-12 text-center    \" ><h3 class=\"separator_off\" >Un moyen de transport \u00e9conomique,<br \/>\nadapt\u00e9 aux gros volumes, et parmi les plus \u00e9cologiques<\/h3><h6 class=\"subtitle \" >Transfert des v\u00e9hicules, transfert des conteneurs complets, des marchandises et des op\u00e9rations sp\u00e9ciales, etc. Le transport maritime de TRANS SOHA & CO  sait s\u2019adapter \u00e0 vos exigences \u00e0 moindre co\u00fbt et vous permettre d\u2019optimiser le transfert de vos marchandises en toute efficacit\u00e9.<\/h6><\/header>[vc_empty_space height=&#8221;16px&#8221;]<header class=\"kd-section-title col-lg-12 text-center    \" ><h3 class=\"separator_off\" >TRANSFERT DES VEHICULES<\/h3><\/header>[vc_empty_space height=&#8221;42px&#8221;][\/vc_column][\/vc_row][vc_row][vc_column width=&#8221;1\/2&#8243;][vc_row_inner][vc_column_inner][vc_column_text]Confiez nous le transport de votre voiture par bateau en toute s\u00e9r\u00e9nit\u00e9, le v\u00e9hicule est charg\u00e9 et arriv\u00e9 \u00e0 l\u2019int\u00e9rieur d\u2019un conteneur, puis achemin\u00e9 jusqu\u2019en Afrique \u00e0 la destination souhait\u00e9e. Le conteneur est pourvu d\u2019accroches \u00e0 l\u2019int\u00e9rieur pour fixer tout chargement. Vous pouvez les utiliser pour caler votre v\u00e9hicule. Le choix du conteneur permet aussi de charger des effets personnels ou du mat\u00e9riels divers en plus du v\u00e9hicule, car le conteneur vous est enti\u00e8rement allou\u00e9. Nous sommes experts en transfert de v\u00e9hicule vers l&#8217;Afrique.[\/vc_column_text][\/vc_column_inner][\/vc_row_inner][vc_column_text]<\/p>\n<p><p>[\/vc_column_text][vc_single_image image=&#8221;7727&#8243; img_size=&#8221;large&#8221; alignment=&#8221;center&#8221;][\/vc_column][vc_column width=&#8221;1\/2&#8243;][vc_single_image image=&#8221;7833&#8243; img_size=&#8221;large&#8221; alignment=&#8221;center&#8221;][vc_empty_space][vc_column_text]<strong>Comment \u00e7a marche ?<\/strong><\/p>\n<ol>\n<li class=\"c-font-uppercase\">R\u00e9cup\u00e9ration du v\u00e9hicule: Nous acheminons si n\u00e9cessaire votre v\u00e9hicule jusqu&#8217;au port de d\u00e9part,<\/li>\n<li>D\u00e9claration en Douane: Nous nous occupons de toutes les d\u00e9clarations administratives, celles-ci varient en fonction du type de v\u00e9hicule,<\/li>\n<li>Transport de voiture par Bateau: Le transport de v\u00e9hicule peut se faire par conteneur ou par navire roulier,<\/li>\n<li>D\u00e9chargement de Vehicule: une fois arriv\u00e9e, le v\u00e9hicule est d\u00e9charg\u00e9, nous nous occupons des formalit\u00e9s administrative.<\/li>\n<\/ol>\n<p>[\/vc_column_text][\/vc_column][\/vc_row][vc_row][vc_column][vc_column_text]<\/p>\n[\/vc_column_text]<header class=\"kd-section-title col-lg-12 text-center    \" ><h3 class=\"separator_off\" >TRANSFERT DES CONTENEURS<\/h3><\/header>[vc_empty_space height=&#8221;42px&#8221;][\/vc_column][\/vc_row][vc_row][vc_column width=&#8221;1\/2&#8243;][vc_single_image image=&#8221;7729&#8243; img_size=&#8221;full&#8221;][\/vc_column][vc_column width=&#8221;1\/2&#8243;][vc_empty_space height=&#8221;42px&#8221;][vc_column_text]Nous positionnons le conteneur sur remorque \u00e0 votre domicile. Une fois le chargement effectu\u00e9, nous acheminons le conteneur au port de d\u00e9part. Sur place nous r\u00e9aliserons les d\u00e9clarations aupr\u00e8s des douanes avant de mettre votre chargement \u00e0 bord du navire. Une fois \u00e0 destination, le conteneur est mis \u00e0 quai. Pour prendre possession de votre chargement vous devez effectuer des d\u00e9clarations aupr\u00e8s du service local des douanes et mandater un agent local pour mettre \u00e0 disposition vos effets personnels. Si vous le souhaitez nous pouvons prendre en charge ces op\u00e9rations. Il est \u00e9galement possible d\u2019acheminer votre chargement depuis le port d\u2019arriv\u00e9e jusqu\u2019\u00e0 un autre lieu comme votre domicile.[\/vc_column_text][\/vc_column][\/vc_row][vc_row][vc_column][vc_empty_space height=&#8221;52px&#8221;]<header class=\"kd-section-title col-lg-12 text-center    \" ><h3 class=\"separator_off\" >TRANSFERT DES MARCHANDISES<\/h3><\/header>[vc_empty_space height=&#8221;42px&#8221;][vc_column_text][\/vc_column_text][\/vc_column][\/vc_row][vc_row][vc_column width=&#8221;1\/2&#8243;][vc_column_text][\/vc_column_text][vc_column_text]<\/p>\n<div class=\"col-sm-8 c-margin-t-20\">\n<p class=\"chapeau\"><\/div>\n<div class=\"col-sm-4\">\n<div class=\"bloc-port\">\n<div class=\"row\">\n<div class=\"col-xs-2\"><\/div>\n<\/div>\n<\/div>\n<\/div>\n<p>[\/vc_column_text][vc_column_text]<\/p>\n<p style=\"text-align: left;\">Nous assurons le transport des marchandises commerciales vers l&#8217;Afrique . Nous prenons en charge tout le transport du d\u00e9part \u00e0 l\u2019arriv\u00e9e. Nous couvrons toutes les destinations commerciales strat\u00e9giques \u00e0 des co\u00fbts tr\u00e8s \u00e9tudi\u00e9s.<\/p>\n<p><strong>Comment \u00e7a marche?<\/strong><\/p>\n<ol>\n<li>Acheminement Pr\u00e9-Transport: La marchandise est transf\u00e9r\u00e9e jusqu&#8217;au port,<\/li>\n<li>Douane: Obligations l\u00e9gales de d\u00e9claration et formalit\u00e9s de douane,<\/li>\n<li>Transport des Marchandises: Transfert maritime en fonction du mode de transport choisi,<\/li>\n<li>Port d&#8217;Arriv\u00e9e: C&#8217;est le d\u00e9barquement de votre marchandise sur le lieu de destination.<\/li>\n<\/ol>\n<p>[\/vc_column_text][\/vc_column][vc_column width=&#8221;1\/2&#8243;][vc_single_image image=&#8221;7837&#8243; img_size=&#8221;full&#8221;][\/vc_column][\/vc_row]<\/p>\n","protected":false},"excerpt":{"rendered":"<p>[vc_row][vc_column][vc_column_text][\/vc_column_text][\/vc_column][\/vc_row][vc_row][vc_column][vc_empty_space height=&#8221;16px&#8221;][vc_empty_space height=&#8221;42px&#8221;][\/vc_column][\/vc_row][vc_row][vc_column width=&#8221;1\/2&#8243;][vc_row_inner][vc_column_inner][vc_column_text]Confiez nous le transport de votre voiture par bateau en toute s\u00e9r\u00e9nit\u00e9, le v\u00e9hicule est charg\u00e9 et [&hellip;]<\/p>\n","protected":false},"author":2,"featured_media":7724,"parent":0,"menu_order":0,"comment_status":"closed","ping_status":"closed","template":"","meta":{"footnotes":""},"_links":{"self":[{"href":"https:\/\/transsoha.com\/index.php?rest_route=\/wp\/v2\/pages\/7719"}],"collection":[{"href":"https:\/\/transsoha.com\/index.php?rest_route=\/wp\/v2\/pages"}],"about":[{"href":"https:\/\/transsoha.com\/index.php?rest_route=\/wp\/v2\/types\/page"}],"author":[{"embeddable":true,"href":"https:\/\/transsoha.com\/index.php?rest_route=\/wp\/v2\/users\/2"}],"replies":[{"embeddable":true,"href":"https:\/\/transsoha.com\/index.php?rest_route=%2Fwp%2Fv2%2Fcomments&post=7719"}],"version-history":[{"count":23,"href":"https:\/\/transsoha.com\/index.php?rest_route=\/wp\/v2\/pages\/7719\/revisions"}],"predecessor-version":[{"id":8004,"href":"https:\/\/transsoha.com\/index.php?rest_route=\/wp\/v2\/pages\/7719\/revisions\/8004"}],"wp:featuredmedia":[{"embeddable":true,"href":"https:\/\/transsoha.com\/index.php?rest_route=\/wp\/v2\/media\/7724"}],"wp:attachment":[{"href":"https:\/\/transsoha.com\/index.php?rest_route=%2Fwp%2Fv2%2Fmedia&parent=7719"}],"curies":[{"name":"wp","href":"https:\/\/api.w.org\/{rel}","templated":true}]}}