{"id":7731,"date":"2021-04-09T15:12:25","date_gmt":"2021-04-09T13:12:25","guid":{"rendered":"http:\/\/transsoha.com\/?page_id=7731"},"modified":"2021-06-16T16:56:25","modified_gmt":"2021-06-16T14:56:25","slug":"entreposage","status":"publish","type":"page","link":"https:\/\/transsoha.com\/?page_id=7731","title":{"rendered":"Entreposage"},"content":{"rendered":"<p>[vc_row][vc_column][vc_column_text][\/vc_column_text][\/vc_column][\/vc_row][vc_row][vc_column width=&#8221;1\/2&#8243;][vc_empty_space height=&#8221;52px&#8221;][vc_single_image image=&#8221;7729&#8243; img_size=&#8221;full&#8221;][vc_empty_space][\/vc_column][vc_column width=&#8221;1\/2&#8243;][vc_column_text]<\/p>\n<p>Notre objectif est d&#8217; optimiser vos co\u00fbts en groupant vos marchandises. Vous n\u2019avez qu\u2019\u00e0 demander et, nous nous occupons de tout !<br \/>Les \u00e9quipes de TRANS SOHA &amp; CO vous procurent l&#8217;assistance et l&#8217;accompagnement \u00e0 toutes les \u00e9tapes de vos exp\u00e9ditions : Optimisation, conseil et r\u00e9activit\u00e9, nous prenons en charge vos marchandises avec soins.<\/p>\n<h4>Un transport s\u00e9curis\u00e9<\/h4>\n<p>Dans un conteneur de groupage maritime on retrouve des marchandises de m\u00eame nature (d\u00e9m\u00e9nagement, alimentaires, effets personnels, produits manufactur\u00e9s\u2026). Toute la marchandise d\u2019un m\u00eame exp\u00e9diteur se retrouve dans le m\u00eame conteneur de groupage maritime.<\/p>\n<p>[\/vc_column_text][vc_column_text]<\/p>\n<h4>Les avantages du groupage<\/h4>\n<p>Le groupage maritime n\u2019a que des avantages. Le principe c\u2019est la mutualisation d\u2019un conteneur entre plusieurs exp\u00e9diteurs vers la m\u00eame destination.<\/p>\n<p>Ce mode de transport permet d\u2019avoir deux avantages pour le transport de petit et moyen volume\u00a0:<\/p>\n<ul>\n<li>Transport s\u00e9curis\u00e9 en conteneur<\/li>\n<li>R\u00e9duction des frais du transport<\/li>\n<\/ul>\n<p>&nbsp;[\/vc_column_text][\/vc_column][\/vc_row]<\/p>\n","protected":false},"excerpt":{"rendered":"<p>[vc_row][vc_column][vc_column_text][\/vc_column_text][\/vc_column][\/vc_row][vc_row][vc_column width=&#8221;1\/2&#8243;][vc_empty_space height=&#8221;52px&#8221;][vc_single_image image=&#8221;7729&#8243; img_size=&#8221;full&#8221;][vc_empty_space][\/vc_column][vc_column width=&#8221;1\/2&#8243;][vc_column_text] Notre objectif est d&#8217; optimiser vos co\u00fbts en groupant vos marchandises. Vous n\u2019avez qu\u2019\u00e0 [&hellip;]<\/p>\n","protected":false},"author":2,"featured_media":7736,"parent":0,"menu_order":0,"comment_status":"closed","ping_status":"closed","template":"","meta":{"footnotes":""},"_links":{"self":[{"href":"https:\/\/transsoha.com\/index.php?rest_route=\/wp\/v2\/pages\/7731"}],"collection":[{"href":"https:\/\/transsoha.com\/index.php?rest_route=\/wp\/v2\/pages"}],"about":[{"href":"https:\/\/transsoha.com\/index.php?rest_route=\/wp\/v2\/types\/page"}],"author":[{"embeddable":true,"href":"https:\/\/transsoha.com\/index.php?rest_route=\/wp\/v2\/users\/2"}],"replies":[{"embeddable":true,"href":"https:\/\/transsoha.com\/index.php?rest_route=%2Fwp%2Fv2%2Fcomments&post=7731"}],"version-history":[{"count":18,"href":"https:\/\/transsoha.com\/index.php?rest_route=\/wp\/v2\/pages\/7731\/revisions"}],"predecessor-version":[{"id":8007,"href":"https:\/\/transsoha.com\/index.php?rest_route=\/wp\/v2\/pages\/7731\/revisions\/8007"}],"wp:featuredmedia":[{"embeddable":true,"href":"https:\/\/transsoha.com\/index.php?rest_route=\/wp\/v2\/media\/7736"}],"wp:attachment":[{"href":"https:\/\/transsoha.com\/index.php?rest_route=%2Fwp%2Fv2%2Fmedia&parent=7731"}],"curies":[{"name":"wp","href":"https:\/\/api.w.org\/{rel}","templated":true}]}}