{"id":7745,"date":"2021-04-09T16:02:45","date_gmt":"2021-04-09T14:02:45","guid":{"rendered":"http:\/\/transsoha.com\/?page_id=7745"},"modified":"2021-06-16T16:58:17","modified_gmt":"2021-06-16T14:58:17","slug":"service-logistique","status":"publish","type":"page","link":"https:\/\/transsoha.com\/?page_id=7745","title":{"rendered":"Service Logistique"},"content":{"rendered":"<p>[vc_row][vc_column][vc_column_text][\/vc_column_text][\/vc_column][\/vc_row][vc_row][vc_column width=&#8221;1\/2&#8243;][vc_empty_space height=&#8221;42px&#8221;][vc_single_image image=&#8221;7713&#8243; img_size=&#8221;full&#8221;][\/vc_column][vc_column width=&#8221;1\/2&#8243;][vc_column_text]<\/p>\n<p class=\"chapeau\">Nous proposons une gamme compl\u00e8te de services pour vous accompagner dans toutes vos activit\u00e9s logistiques. Le stockage et le contr\u00f4le de vos marchandises pour la tranquillit\u00e9 d\u2019esprit.<\/p>\n<p class=\"chapeau\">TRANS SOHA &amp; CO vous offre le moyen le plus simple de g\u00e9rer votre logistique en Afrique avec un service totalement transparent et enti\u00e8rement g\u00e9r\u00e9 via votre tableau de bord. Nous pouvons vous r\u00e9pondre \u00e0 vos besoins de fret sur tout le continent africain !<br \/>TRANS SOHA &amp; CO propose une vaste gamme de solutions logistiques qui r\u00e9pondent aux besoins de sa client\u00e8le:<\/p>\n<ul>\n<li>R\u00e9ception et gestion de la qualit\u00e9,<\/li>\n<li>Stockage sous douane en garantissant l\u2019int\u00e9gralit\u00e9 des marchandises,<\/li>\n<li>Pr\u00e9paration des commandes,<\/li>\n<li>Proc\u00e9dure sp\u00e9cifique \u00e0\u00a0 chaque client Syst\u00e8me d\u2019information avanc\u00e9, permettant un partage d\u2019information en temps r\u00e9el,<\/li>\n<li>Proc\u00e9dure sp\u00e9cifique \u00e0\u00a0 chaque client,<\/li>\n<\/ul>\n<p>[\/vc_column_text][\/vc_column][\/vc_row][vc_row][vc_column][vc_column_text][\/vc_column_text][\/vc_column][\/vc_row]<\/p>\n","protected":false},"excerpt":{"rendered":"<p>[vc_row][vc_column][vc_column_text][\/vc_column_text][\/vc_column][\/vc_row][vc_row][vc_column width=&#8221;1\/2&#8243;][vc_empty_space height=&#8221;42px&#8221;][vc_single_image image=&#8221;7713&#8243; img_size=&#8221;full&#8221;][\/vc_column][vc_column width=&#8221;1\/2&#8243;][vc_column_text] Nous proposons une gamme compl\u00e8te de services pour vous accompagner dans toutes vos activit\u00e9s [&hellip;]<\/p>\n","protected":false},"author":2,"featured_media":7747,"parent":0,"menu_order":0,"comment_status":"closed","ping_status":"closed","template":"","meta":{"footnotes":""},"_links":{"self":[{"href":"https:\/\/transsoha.com\/index.php?rest_route=\/wp\/v2\/pages\/7745"}],"collection":[{"href":"https:\/\/transsoha.com\/index.php?rest_route=\/wp\/v2\/pages"}],"about":[{"href":"https:\/\/transsoha.com\/index.php?rest_route=\/wp\/v2\/types\/page"}],"author":[{"embeddable":true,"href":"https:\/\/transsoha.com\/index.php?rest_route=\/wp\/v2\/users\/2"}],"replies":[{"embeddable":true,"href":"https:\/\/transsoha.com\/index.php?rest_route=%2Fwp%2Fv2%2Fcomments&post=7745"}],"version-history":[{"count":9,"href":"https:\/\/transsoha.com\/index.php?rest_route=\/wp\/v2\/pages\/7745\/revisions"}],"predecessor-version":[{"id":8009,"href":"https:\/\/transsoha.com\/index.php?rest_route=\/wp\/v2\/pages\/7745\/revisions\/8009"}],"wp:featuredmedia":[{"embeddable":true,"href":"https:\/\/transsoha.com\/index.php?rest_route=\/wp\/v2\/media\/7747"}],"wp:attachment":[{"href":"https:\/\/transsoha.com\/index.php?rest_route=%2Fwp%2Fv2%2Fmedia&parent=7745"}],"curies":[{"name":"wp","href":"https:\/\/api.w.org\/{rel}","templated":true}]}}