{"id":7780,"date":"2021-04-12T13:35:21","date_gmt":"2021-04-12T11:35:21","guid":{"rendered":"http:\/\/transsoha.com\/?page_id=7780"},"modified":"2021-04-12T14:15:31","modified_gmt":"2021-04-12T12:15:31","slug":"nos-partenaires","status":"publish","type":"page","link":"https:\/\/transsoha.com\/?page_id=7780","title":{"rendered":"Nos Partenaires"},"content":{"rendered":"<p>[vc_row][vc_column][vc_column_text][\/vc_column_text][\/vc_column][\/vc_row][vc_row][vc_column]<header class=\"kd-section-title col-lg-12 text-center    \" ><h3 class=\"separator_off\" >Nos Partenaires<\/h3><h6 class=\"subtitle \" >Notre philosophie est d\u2019offrir les meilleurs services et des normes de s\u00e9curit\u00e9 \u00e9lev\u00e9es.Nous croyons que la vision tels ne cesse de nous d\u2019\u00eatre le chef de file et de maintenir nos clients par la meilleure qualit\u00e9 de service.<\/p>\r\n<p>Il ne fait aucun doute que notre soci\u00e9t\u00e9 est le meilleur partenaire dans le domaine des transports.Nous avons une grande exp\u00e9rience professionnelle dans ce m\u00e9tier, et cela signifie que nous savons comment offrir et la fa\u00e7on de construire des relations solides avec nos clients.<\/h6><\/header>[vc_empty_space height=&#8221;16px&#8221;][\/vc_column][\/vc_row][vc_row][vc_column][vc_row_inner][vc_column_inner]<div class=\"slider clients no-effect kd-client-69e73a3760f01  \"><div class=\"clients-content \" ><img loading=\"lazy\" decoding=\"async\" width=\"196\" height=\"124\" src=\"https:\/\/transsoha.com\/wp-content\/uploads\/2021\/02\/part2.png\" class=\"attachment-full\" alt=\"\" \/><\/div><div class=\"clients-content \" ><img loading=\"lazy\" decoding=\"async\" width=\"166\" height=\"124\" src=\"https:\/\/transsoha.com\/wp-content\/uploads\/2021\/02\/par1-3.png\" class=\"attachment-full\" alt=\"\" \/><\/div><div class=\"clients-content \" ><img loading=\"lazy\" decoding=\"async\" width=\"166\" height=\"124\" src=\"https:\/\/transsoha.com\/wp-content\/uploads\/2021\/02\/part5.png\" class=\"attachment-full\" alt=\"\" \/><\/div><div class=\"clients-content \" ><img loading=\"lazy\" decoding=\"async\" width=\"166\" height=\"124\" src=\"https:\/\/transsoha.com\/wp-content\/uploads\/2021\/02\/part4.png\" class=\"attachment-full\" alt=\"\" \/><\/div><div class=\"clients-content \" ><img loading=\"lazy\" decoding=\"async\" width=\"166\" height=\"124\" src=\"https:\/\/transsoha.com\/wp-content\/uploads\/2021\/02\/part6-1.png\" class=\"attachment-full\" alt=\"\" \/><\/div><\/div><script type=\"text\/javascript\">\r\n              jQuery(document).ready(function($){\r\n                if ($(\".slider.clients.kd-client-69e73a3760f01\").length) {\r\n                  $(\".slider.clients.kd-client-69e73a3760f01\").owlCarousel({\r\n                    stageClass: \"owl-wrapper\",\r\n                    stageOuterClass: \"owl-wrapper-outer\",\r\n                    loadedClass: \"owl-carousel\",\r\n                    responsiveClass:true,\r\n                    responsive:{\r\n                      0:{\r\n                          items:1,dots: false,},\r\n                      415:{\r\n                          items:3,dots: false,},\r\n                      960:{\r\n                          items:4,dots: false,}\r\n                    },\r\n                  });\r\n                }\r\n              });\r\n            <\/script>[\/vc_column_inner][\/vc_row_inner][vc_column_text][\/vc_column_text][\/vc_column][\/vc_row]<\/p>","protected":false},"excerpt":{"rendered":"<p>[vc_row][vc_column][vc_column_text][\/vc_column_text][\/vc_column][\/vc_row][vc_row][vc_column][vc_empty_space height=&#8221;16px&#8221;][\/vc_column][\/vc_row][vc_row][vc_column][vc_row_inner][vc_column_inner][\/vc_column_inner][\/vc_row_inner][vc_column_text][\/vc_column_text][\/vc_column][\/vc_row]<\/p>\n","protected":false},"author":2,"featured_media":7699,"parent":0,"menu_order":0,"comment_status":"closed","ping_status":"closed","template":"","meta":{"footnotes":""},"_links":{"self":[{"href":"https:\/\/transsoha.com\/index.php?rest_route=\/wp\/v2\/pages\/7780"}],"collection":[{"href":"https:\/\/transsoha.com\/index.php?rest_route=\/wp\/v2\/pages"}],"about":[{"href":"https:\/\/transsoha.com\/index.php?rest_route=\/wp\/v2\/types\/page"}],"author":[{"embeddable":true,"href":"https:\/\/transsoha.com\/index.php?rest_route=\/wp\/v2\/users\/2"}],"replies":[{"embeddable":true,"href":"https:\/\/transsoha.com\/index.php?rest_route=%2Fwp%2Fv2%2Fcomments&post=7780"}],"version-history":[{"count":13,"href":"https:\/\/transsoha.com\/index.php?rest_route=\/wp\/v2\/pages\/7780\/revisions"}],"predecessor-version":[{"id":7795,"href":"https:\/\/transsoha.com\/index.php?rest_route=\/wp\/v2\/pages\/7780\/revisions\/7795"}],"wp:featuredmedia":[{"embeddable":true,"href":"https:\/\/transsoha.com\/index.php?rest_route=\/wp\/v2\/media\/7699"}],"wp:attachment":[{"href":"https:\/\/transsoha.com\/index.php?rest_route=%2Fwp%2Fv2%2Fmedia&parent=7780"}],"curies":[{"name":"wp","href":"https:\/\/api.w.org\/{rel}","templated":true}]}}