{"id":7852,"date":"2021-04-14T12:09:35","date_gmt":"2021-04-14T10:09:35","guid":{"rendered":"http:\/\/transsoha.com\/?page_id=7852"},"modified":"2021-06-16T16:58:59","modified_gmt":"2021-06-16T14:58:59","slug":"nos-qualites","status":"publish","type":"page","link":"https:\/\/transsoha.com\/?page_id=7852","title":{"rendered":"Nos Qualit\u00e9s"},"content":{"rendered":"<p>[vc_row][vc_column width=&#8221;1\/2&#8243;][vc_row_inner][vc_column_inner][vc_empty_space]<header class=\"kd-section-title col-lg-12 text-center    \" ><h3 class=\"separator_off\" >Des solutions professionnelles proches de ses clients<\/h3><\/header>[vc_column_text]La ponctualit\u00e9 et la relativit\u00e9 sont nos deux priorit\u00e9s pour r\u00e9pondre \u00e0 la qualit\u00e9 et aux attentes des clients.<br \/>\nTRANS SOHA &amp; CO se soucie et respecte tous les engagements pris avec ses clients. Notre entreprise est d\u00e9vou\u00e9e \u00e0 la pleine satisfaction de ses clients \u00e0 travers la r\u00e9alisation de leurs projets. Notre solution haut de gamme nous permet de r\u00e9pondre pleinement aux exigences d&#8217;aujourd&#8217;hui et de demain.[\/vc_column_text][vc_column_text]<\/p>\n<div class=\"section mcb-section \" data-parallax=\"3d\">\n<div class=\"section_wrapper mcb-section-inner\">\n<div class=\"wrap mcb-wrap one-second valign-top clearfix\">\n<div class=\"mcb-wrap-inner\">\n<div class=\"column mcb-column one column_fancy_heading \">\n<div class=\"fancy_heading fancy_heading_icon\">\n<div class=\"inside\">\n<p>Notre \u00e9quipe est compos\u00e9e de gestionnaires en logistique et en transport. Nous suivons les actualit\u00e9s pour \u00eatre toujours capable de suivre les mouvements du march\u00e9 et l&#8217;\u00e9volution des besoins de nos clients.<\/p>\n<\/div>\n<\/div>\n<\/div>\n<\/div>\n<\/div>\n<\/div>\n<\/div>\n<p>[\/vc_column_text][\/vc_column_inner][\/vc_row_inner][\/vc_column][vc_column width=&#8221;1\/2&#8243;][vc_single_image image=&#8221;7857&#8243; img_size=&#8221;full&#8221; alignment=&#8221;center&#8221;][vc_empty_space][\/vc_column][\/vc_row][vc_row][vc_column width=&#8221;1\/4&#8243;]<div class=\"key-icon-box icon-default icon-top cont-center ib-no-effect\" style=\"background-color: transparent;\" ><div class=\"tt-iconbox-customimg img_small_size\"><img loading=\"lazy\" decoding=\"async\" width=\"64\" height=\"64\" src=\"https:\/\/transsoha.com\/wp-content\/uploads\/2021\/04\/badge-1.png\" class=\"attachment-full\" alt=\"\" \/><\/div><h5 class=\"service-heading\" >Service de pointe<\/h5><p >Nos camions sont capables de charger de 1 \u00e0 10 v\u00e9hicules, tout depend du mod\u00e8le et de la taille de ces v\u00e9hicules.<\/p><\/div>[\/vc_column][vc_column width=&#8221;1\/4&#8243;]<div class=\"key-icon-box icon-default icon-top cont-center ib-no-effect\" style=\"background-color: transparent;\" ><div class=\"tt-iconbox-customimg img_small_size\"><img loading=\"lazy\" decoding=\"async\" width=\"64\" height=\"64\" src=\"https:\/\/transsoha.com\/wp-content\/uploads\/2021\/04\/chauffeur.png\" class=\"attachment-full\" alt=\"\" \/><\/div><h5 class=\"service-heading\" >Chauffeurs Qualifi\u00e9s<\/h5><p >Nos chauffeurs sont form\u00e9s pour travailler selon la r\u00e9glementation sociale en mati\u00e8re de temps de conduite et de pause, etc.<\/p><\/div>[\/vc_column][vc_column width=&#8221;1\/4&#8243;]<div class=\"key-icon-box icon-default icon-top cont-center ib-no-effect\" style=\"background-color: transparent;\" ><div class=\"tt-iconbox-customimg img_small_size\"><img loading=\"lazy\" decoding=\"async\" width=\"64\" height=\"64\" src=\"https:\/\/transsoha.com\/wp-content\/uploads\/2021\/04\/technical-support-1.png\" class=\"attachment-full\" alt=\"\" \/><\/div><h5 class=\"service-heading\" >Conseil et support<\/h5><p >Consulter, conseiller et soyez \u00e0 l'\u00e9coute<\/p><\/div>[\/vc_column][vc_column width=&#8221;1\/4&#8243;]<div class=\"key-icon-box icon-default icon-top cont-center ib-no-effect\" style=\"background-color: transparent;\" ><div class=\"tt-iconbox-customimg img_small_size\"><img loading=\"lazy\" decoding=\"async\" width=\"64\" height=\"64\" src=\"https:\/\/transsoha.com\/wp-content\/uploads\/2021\/04\/secure-shield.png\" class=\"attachment-full\" alt=\"\" \/><\/div><h5 class=\"service-heading\" >Equipements modernes et s\u00e9curis\u00e9s<\/h5><p >Toute notre flotte est \u00e9quip\u00e9e avec des rampes de chargement et de d\u00e9chargement int\u00e9gr\u00e9es.<\/p><\/div>[\/vc_column][\/vc_row]<\/p>\n","protected":false},"excerpt":{"rendered":"<p>[vc_row][vc_column width=&#8221;1\/2&#8243;][vc_row_inner][vc_column_inner][vc_empty_space][vc_column_text]La ponctualit\u00e9 et la relativit\u00e9 sont nos deux priorit\u00e9s pour r\u00e9pondre \u00e0 la qualit\u00e9 et aux attentes des clients. [&hellip;]<\/p>\n","protected":false},"author":2,"featured_media":7698,"parent":0,"menu_order":0,"comment_status":"closed","ping_status":"closed","template":"","meta":{"footnotes":""},"_links":{"self":[{"href":"https:\/\/transsoha.com\/index.php?rest_route=\/wp\/v2\/pages\/7852"}],"collection":[{"href":"https:\/\/transsoha.com\/index.php?rest_route=\/wp\/v2\/pages"}],"about":[{"href":"https:\/\/transsoha.com\/index.php?rest_route=\/wp\/v2\/types\/page"}],"author":[{"embeddable":true,"href":"https:\/\/transsoha.com\/index.php?rest_route=\/wp\/v2\/users\/2"}],"replies":[{"embeddable":true,"href":"https:\/\/transsoha.com\/index.php?rest_route=%2Fwp%2Fv2%2Fcomments&post=7852"}],"version-history":[{"count":9,"href":"https:\/\/transsoha.com\/index.php?rest_route=\/wp\/v2\/pages\/7852\/revisions"}],"predecessor-version":[{"id":8010,"href":"https:\/\/transsoha.com\/index.php?rest_route=\/wp\/v2\/pages\/7852\/revisions\/8010"}],"wp:featuredmedia":[{"embeddable":true,"href":"https:\/\/transsoha.com\/index.php?rest_route=\/wp\/v2\/media\/7698"}],"wp:attachment":[{"href":"https:\/\/transsoha.com\/index.php?rest_route=%2Fwp%2Fv2%2Fmedia&parent=7852"}],"curies":[{"name":"wp","href":"https:\/\/api.w.org\/{rel}","templated":true}]}}